{"id":3103,"date":"2017-06-02T09:01:42","date_gmt":"2017-06-02T06:01:42","guid":{"rendered":"https:\/\/www.fruitgarden.fi\/products\/muut\/"},"modified":"2023-05-16T10:55:40","modified_gmt":"2023-05-16T07:55:40","slug":"others","status":"publish","type":"page","link":"https:\/\/www.fruitgarden.fi\/en\/products\/others\/","title":{"rendered":"Others"},"content":{"rendered":"<p>Fruit Garden offers other types of carvings as well. There are, for example, Halloween pumpkins, carved animals, candlesticks, brooches and some others.<\/p>\n\n\t\t<style type=\"text\/css\">\n\t\t\t#gallery-1 {\n\t\t\t\tmargin: auto;\n\t\t\t}\n\t\t\t#gallery-1 .gallery-item {\n\t\t\t\tfloat: left;\n\t\t\t\tmargin-top: 10px;\n\t\t\t\ttext-align: center;\n\t\t\t\twidth: 25%;\n\t\t\t}\n\t\t\t#gallery-1 img {\n\t\t\t\tborder: 2px solid #cfcfcf;\n\t\t\t}\n\t\t\t#gallery-1 .gallery-caption {\n\t\t\t\tmargin-left: 0;\n\t\t\t}\n\t\t\t\/* see gallery_shortcode() in wp-includes\/media.php *\/\n\t\t<\/style>\n\t\t<div id='gallery-1' class='gallery galleryid-3103 gallery-columns-4 gallery-size-thumbnail'><dl class='gallery-item'>\n\t\t\t<dt class='gallery-icon landscape'>\n\t\t\t\t<a data-title=\"M101. Kaiverrettu avocado sormuksen kera. Hinta 35e ilman sormusta.\" href='https:\/\/www.fruitgarden.fi\/lataukset\/P3164712-2-1280x719.jpg'><img loading=\"lazy\" decoding=\"async\" width=\"350\" height=\"262\" src=\"https:\/\/www.fruitgarden.fi\/lataukset\/P3164712-2-350x262.jpg\" class=\"attachment-thumbnail size-thumbnail\" alt=\"\" aria-describedby=\"gallery-1-2701\" \/><\/a>\n\t\t\t<\/dt>\n\t\t\t\t<dd class='wp-caption-text gallery-caption' id='gallery-1-2701'>\n\t\t\t\tM101. Kaiverrettu avocado sormuksen kera. Hinta 35e ilman sormusta.\n\t\t\t\t<\/dd><\/dl><dl class='gallery-item'>\n\t\t\t<dt class='gallery-icon landscape'>\n\t\t\t\t<a data-title=\"M103. Kaiverrettu retiisi koristamaan illallisp\u00f6yt\u00e4\u00e4. Hinta 15e.\" href='https:\/\/www.fruitgarden.fi\/lataukset\/FB_IMG_1542361301865.jpg'><img loading=\"lazy\" decoding=\"async\" width=\"350\" height=\"262\" src=\"https:\/\/www.fruitgarden.fi\/lataukset\/FB_IMG_1542361301865-350x262.jpg\" class=\"attachment-thumbnail size-thumbnail\" alt=\"\" aria-describedby=\"gallery-1-2881\" srcset=\"https:\/\/www.fruitgarden.fi\/lataukset\/FB_IMG_1542361301865-350x263.jpg 350w, https:\/\/www.fruitgarden.fi\/lataukset\/FB_IMG_1542361301865-676x507.jpg 676w, https:\/\/www.fruitgarden.fi\/lataukset\/FB_IMG_1542361301865.jpg 720w\" sizes=\"auto, (max-width: 350px) 100vw, 350px\" \/><\/a>\n\t\t\t<\/dt>\n\t\t\t\t<dd class='wp-caption-text gallery-caption' id='gallery-1-2881'>\n\t\t\t\tM103. Kaiverrettu retiisi koristamaan illallisp\u00f6yt\u00e4\u00e4. Hinta 15e.\n\t\t\t\t<\/dd><\/dl><dl class='gallery-item'>\n\t\t\t<dt class='gallery-icon landscape'>\n\t\t\t\t<a data-title=\"\" href='https:\/\/www.fruitgarden.fi\/lataukset\/P4295145-1280x869.jpg'><img loading=\"lazy\" decoding=\"async\" width=\"350\" height=\"262\" src=\"https:\/\/www.fruitgarden.fi\/lataukset\/P4295145-350x262.jpg\" class=\"attachment-thumbnail size-thumbnail\" alt=\"\" \/><\/a>\n\t\t\t<\/dt><\/dl><dl class='gallery-item'>\n\t\t\t<dt class='gallery-icon landscape'>\n\t\t\t\t<a data-title=\"M108. Nauriista kaiverrettu rintakoru. Hinta 19e.\" href='https:\/\/www.fruitgarden.fi\/lataukset\/20181108_1438572-1280x1128.jpg'><img loading=\"lazy\" decoding=\"async\" width=\"350\" height=\"262\" src=\"https:\/\/www.fruitgarden.fi\/lataukset\/20181108_1438572-350x262.jpg\" class=\"attachment-thumbnail size-thumbnail\" alt=\"\" aria-describedby=\"gallery-1-2842\" \/><\/a>\n\t\t\t<\/dt>\n\t\t\t\t<dd class='wp-caption-text gallery-caption' id='gallery-1-2842'>\n\t\t\t\tM108. Nauriista kaiverrettu rintakoru. Hinta 19e.\n\t\t\t\t<\/dd><\/dl><br style=\"clear: both\" \/><dl class='gallery-item'>\n\t\t\t<dt class='gallery-icon landscape'>\n\t\t\t\t<a data-title=\"M109. Kaiverrettu retiisipoika. Hinta n. 17e.\" href='https:\/\/www.fruitgarden.fi\/lataukset\/textgram_1550615148.png'><img loading=\"lazy\" decoding=\"async\" width=\"350\" height=\"262\" src=\"https:\/\/www.fruitgarden.fi\/lataukset\/textgram_1550615148-350x262.png\" class=\"attachment-thumbnail size-thumbnail\" alt=\"\" aria-describedby=\"gallery-1-2792\" \/><\/a>\n\t\t\t<\/dt>\n\t\t\t\t<dd class='wp-caption-text gallery-caption' id='gallery-1-2792'>\n\t\t\t\tM109. Kaiverrettu retiisipoika. Hinta n. 17e.\n\t\t\t\t<\/dd><\/dl><dl class='gallery-item'>\n\t\t\t<dt class='gallery-icon landscape'>\n\t\t\t\t<a data-title=\"M110. Kaiverrettu parsakaali. Hinta 35e.\" href='https:\/\/www.fruitgarden.fi\/lataukset\/textgram_1550614568.png'><img loading=\"lazy\" decoding=\"async\" width=\"350\" height=\"262\" src=\"https:\/\/www.fruitgarden.fi\/lataukset\/textgram_1550614568-350x262.png\" class=\"attachment-thumbnail size-thumbnail\" alt=\"\" aria-describedby=\"gallery-1-2877\" \/><\/a>\n\t\t\t<\/dt>\n\t\t\t\t<dd class='wp-caption-text gallery-caption' id='gallery-1-2877'>\n\t\t\t\tM110. Kaiverrettu parsakaali. Hinta 35e.\n\t\t\t\t<\/dd><\/dl><dl class='gallery-item'>\n\t\t\t<dt class='gallery-icon landscape'>\n\t\t\t\t<a data-title=\"M111. Kaiverrettu reitiisi. Hinta n. 5e\/kpl \" href='https:\/\/www.fruitgarden.fi\/lataukset\/OI000002-1-1280x776.jpg'><img loading=\"lazy\" decoding=\"async\" width=\"350\" height=\"262\" src=\"https:\/\/www.fruitgarden.fi\/lataukset\/OI000002-1-350x262.jpg\" class=\"attachment-thumbnail size-thumbnail\" alt=\"\" aria-describedby=\"gallery-1-2880\" \/><\/a>\n\t\t\t<\/dt>\n\t\t\t\t<dd class='wp-caption-text gallery-caption' id='gallery-1-2880'>\n\t\t\t\tM111. Kaiverrettu reitiisi. Hinta n. 5e\/kpl \n\t\t\t\t<\/dd><\/dl>\n\t\t\t<br style='clear: both' \/>\n\t\t<\/div>\n\n","protected":false},"excerpt":{"rendered":"<p>Fruit Garden offers other types of carvings as well. There are, for example, Halloween pumpkins, carved animals, candlesticks, brooches and some others.<\/p>\n","protected":false},"author":12,"featured_media":2701,"parent":2999,"menu_order":8,"comment_status":"closed","ping_status":"closed","template":"","meta":{"_acf_changed":false,"footnotes":""},"class_list":["post-3103","page","type-page","status-publish","has-post-thumbnail","hentry","post-preview"],"acf":[],"yoast_head":"<!-- This site is optimized with the Yoast SEO plugin v26.4 - https:\/\/yoast.com\/wordpress\/plugins\/seo\/ -->\n<title>Others - Fruit Garden<\/title>\n<meta name=\"robots\" content=\"index, follow, max-snippet:-1, max-image-preview:large, max-video-preview:-1\" \/>\n<link rel=\"canonical\" href=\"https:\/\/www.fruitgarden.fi\/en\/products\/others\/\" \/>\n<meta property=\"og:locale\" content=\"en_US\" \/>\n<meta property=\"og:type\" content=\"article\" \/>\n<meta property=\"og:title\" content=\"Others - Fruit Garden\" \/>\n<meta property=\"og:description\" content=\"Fruit Garden offers other types of carvings as well. There are, for example, Halloween pumpkins, carved animals, candlesticks, brooches and some others.\" \/>\n<meta property=\"og:url\" content=\"https:\/\/www.fruitgarden.fi\/en\/products\/others\/\" \/>\n<meta property=\"og:site_name\" content=\"Fruit Garden\" \/>\n<meta property=\"article:publisher\" content=\"https:\/\/www.facebook.com\/nitti.carving\/\" \/>\n<meta property=\"article:modified_time\" content=\"2023-05-16T07:55:40+00:00\" \/>\n<meta property=\"og:image\" content=\"https:\/\/www.fruitgarden.fi\/lataukset\/P3164712-2.jpg\" \/>\n\t<meta property=\"og:image:width\" content=\"2048\" \/>\n\t<meta property=\"og:image:height\" content=\"1151\" \/>\n\t<meta property=\"og:image:type\" content=\"image\/jpeg\" \/>\n<script type=\"application\/ld+json\" class=\"yoast-schema-graph\">{\"@context\":\"https:\/\/schema.org\",\"@graph\":[{\"@type\":\"WebPage\",\"@id\":\"https:\/\/www.fruitgarden.fi\/en\/products\/others\/\",\"url\":\"https:\/\/www.fruitgarden.fi\/en\/products\/others\/\",\"name\":\"Others - Fruit Garden\",\"isPartOf\":{\"@id\":\"https:\/\/www.fruitgarden.fi\/en\/#website\"},\"primaryImageOfPage\":{\"@id\":\"https:\/\/www.fruitgarden.fi\/en\/products\/others\/#primaryimage\"},\"image\":{\"@id\":\"https:\/\/www.fruitgarden.fi\/en\/products\/others\/#primaryimage\"},\"thumbnailUrl\":\"https:\/\/www.fruitgarden.fi\/lataukset\/P3164712-2.jpg\",\"datePublished\":\"2017-06-02T06:01:42+00:00\",\"dateModified\":\"2023-05-16T07:55:40+00:00\",\"breadcrumb\":{\"@id\":\"https:\/\/www.fruitgarden.fi\/en\/products\/others\/#breadcrumb\"},\"inLanguage\":\"en-US\",\"potentialAction\":[{\"@type\":\"ReadAction\",\"target\":[\"https:\/\/www.fruitgarden.fi\/en\/products\/others\/\"]}]},{\"@type\":\"ImageObject\",\"inLanguage\":\"en-US\",\"@id\":\"https:\/\/www.fruitgarden.fi\/en\/products\/others\/#primaryimage\",\"url\":\"https:\/\/www.fruitgarden.fi\/lataukset\/P3164712-2.jpg\",\"contentUrl\":\"https:\/\/www.fruitgarden.fi\/lataukset\/P3164712-2.jpg\",\"width\":2048,\"height\":1151,\"caption\":\"M101. Kaiverrettu avocado sormuksen kera. Hinta 35e ilman sormusta.\"},{\"@type\":\"BreadcrumbList\",\"@id\":\"https:\/\/www.fruitgarden.fi\/en\/products\/others\/#breadcrumb\",\"itemListElement\":[{\"@type\":\"ListItem\",\"position\":1,\"name\":\"Etusivu\",\"item\":\"https:\/\/www.fruitgarden.fi\/en\/\"},{\"@type\":\"ListItem\",\"position\":2,\"name\":\"Products\",\"item\":\"https:\/\/www.fruitgarden.fi\/en\/products\/\"},{\"@type\":\"ListItem\",\"position\":3,\"name\":\"Others\"}]},{\"@type\":\"WebSite\",\"@id\":\"https:\/\/www.fruitgarden.fi\/en\/#website\",\"url\":\"https:\/\/www.fruitgarden.fi\/en\/\",\"name\":\"Fruit Garden\",\"description\":\"Fruit Garden tarjoaa aasialaiseen perinteeseen nojaavia kaiverruksia yritystapahtumiin, asiakastilaisuuksiin, juhliin tai yksityishenkiliden merkkitapahtumiin.\",\"potentialAction\":[{\"@type\":\"SearchAction\",\"target\":{\"@type\":\"EntryPoint\",\"urlTemplate\":\"https:\/\/www.fruitgarden.fi\/en\/?s={search_term_string}\"},\"query-input\":{\"@type\":\"PropertyValueSpecification\",\"valueRequired\":true,\"valueName\":\"search_term_string\"}}],\"inLanguage\":\"en-US\"}]}<\/script>\n<!-- \/ Yoast SEO plugin. -->","yoast_head_json":{"title":"Others - Fruit Garden","robots":{"index":"index","follow":"follow","max-snippet":"max-snippet:-1","max-image-preview":"max-image-preview:large","max-video-preview":"max-video-preview:-1"},"canonical":"https:\/\/www.fruitgarden.fi\/en\/products\/others\/","og_locale":"en_US","og_type":"article","og_title":"Others - Fruit Garden","og_description":"Fruit Garden offers other types of carvings as well. There are, for example, Halloween pumpkins, carved animals, candlesticks, brooches and some others.","og_url":"https:\/\/www.fruitgarden.fi\/en\/products\/others\/","og_site_name":"Fruit Garden","article_publisher":"https:\/\/www.facebook.com\/nitti.carving\/","article_modified_time":"2023-05-16T07:55:40+00:00","og_image":[{"width":2048,"height":1151,"url":"https:\/\/www.fruitgarden.fi\/lataukset\/P3164712-2.jpg","type":"image\/jpeg"}],"schema":{"@context":"https:\/\/schema.org","@graph":[{"@type":"WebPage","@id":"https:\/\/www.fruitgarden.fi\/en\/products\/others\/","url":"https:\/\/www.fruitgarden.fi\/en\/products\/others\/","name":"Others - Fruit Garden","isPartOf":{"@id":"https:\/\/www.fruitgarden.fi\/en\/#website"},"primaryImageOfPage":{"@id":"https:\/\/www.fruitgarden.fi\/en\/products\/others\/#primaryimage"},"image":{"@id":"https:\/\/www.fruitgarden.fi\/en\/products\/others\/#primaryimage"},"thumbnailUrl":"https:\/\/www.fruitgarden.fi\/lataukset\/P3164712-2.jpg","datePublished":"2017-06-02T06:01:42+00:00","dateModified":"2023-05-16T07:55:40+00:00","breadcrumb":{"@id":"https:\/\/www.fruitgarden.fi\/en\/products\/others\/#breadcrumb"},"inLanguage":"en-US","potentialAction":[{"@type":"ReadAction","target":["https:\/\/www.fruitgarden.fi\/en\/products\/others\/"]}]},{"@type":"ImageObject","inLanguage":"en-US","@id":"https:\/\/www.fruitgarden.fi\/en\/products\/others\/#primaryimage","url":"https:\/\/www.fruitgarden.fi\/lataukset\/P3164712-2.jpg","contentUrl":"https:\/\/www.fruitgarden.fi\/lataukset\/P3164712-2.jpg","width":2048,"height":1151,"caption":"M101. Kaiverrettu avocado sormuksen kera. Hinta 35e ilman sormusta."},{"@type":"BreadcrumbList","@id":"https:\/\/www.fruitgarden.fi\/en\/products\/others\/#breadcrumb","itemListElement":[{"@type":"ListItem","position":1,"name":"Etusivu","item":"https:\/\/www.fruitgarden.fi\/en\/"},{"@type":"ListItem","position":2,"name":"Products","item":"https:\/\/www.fruitgarden.fi\/en\/products\/"},{"@type":"ListItem","position":3,"name":"Others"}]},{"@type":"WebSite","@id":"https:\/\/www.fruitgarden.fi\/en\/#website","url":"https:\/\/www.fruitgarden.fi\/en\/","name":"Fruit Garden","description":"Fruit Garden tarjoaa aasialaiseen perinteeseen nojaavia kaiverruksia yritystapahtumiin, asiakastilaisuuksiin, juhliin tai yksityishenkiliden merkkitapahtumiin.","potentialAction":[{"@type":"SearchAction","target":{"@type":"EntryPoint","urlTemplate":"https:\/\/www.fruitgarden.fi\/en\/?s={search_term_string}"},"query-input":{"@type":"PropertyValueSpecification","valueRequired":true,"valueName":"search_term_string"}}],"inLanguage":"en-US"}]}},"_links":{"self":[{"href":"https:\/\/www.fruitgarden.fi\/en\/wp-json\/wp\/v2\/pages\/3103","targetHints":{"allow":["GET"]}}],"collection":[{"href":"https:\/\/www.fruitgarden.fi\/en\/wp-json\/wp\/v2\/pages"}],"about":[{"href":"https:\/\/www.fruitgarden.fi\/en\/wp-json\/wp\/v2\/types\/page"}],"author":[{"embeddable":true,"href":"https:\/\/www.fruitgarden.fi\/en\/wp-json\/wp\/v2\/users\/12"}],"replies":[{"embeddable":true,"href":"https:\/\/www.fruitgarden.fi\/en\/wp-json\/wp\/v2\/comments?post=3103"}],"version-history":[{"count":0,"href":"https:\/\/www.fruitgarden.fi\/en\/wp-json\/wp\/v2\/pages\/3103\/revisions"}],"up":[{"embeddable":true,"href":"https:\/\/www.fruitgarden.fi\/en\/wp-json\/wp\/v2\/pages\/2999"}],"wp:featuredmedia":[{"embeddable":true,"href":"https:\/\/www.fruitgarden.fi\/en\/wp-json\/wp\/v2\/media\/2701"}],"wp:attachment":[{"href":"https:\/\/www.fruitgarden.fi\/en\/wp-json\/wp\/v2\/media?parent=3103"}],"curies":[{"name":"wp","href":"https:\/\/api.w.org\/{rel}","templated":true}]}}