{"id":3035,"date":"2018-05-03T11:48:04","date_gmt":"2018-05-03T08:48:04","guid":{"rendered":"https:\/\/www.fruitgarden.fi\/demonstrations\/kaupan-esittely\/"},"modified":"2023-05-16T10:55:38","modified_gmt":"2023-05-16T07:55:38","slug":"food-market-promotions","status":"publish","type":"page","link":"https:\/\/www.fruitgarden.fi\/en\/demonstrations\/food-market-promotions\/","title":{"rendered":"Food Market Promotions"},"content":{"rendered":"<p>Fruit Garden offers its services also for shops and markets. Food markets that have large high-quality vegetable and fruit selections can order from Fruit Garden a carving demonstration in their premises. Such a demonstration may last for a few hours. Occasional shoppers may then stop for a while and be amazed how varied forms common fruits and roots can get.<\/p>\n<p>During the event a representative of Fruit Garden demonstrates the art of carving using fruits and vegetables from the shop. Demonstrations show how an artistic carving product gradually gets its final form. There are also completed carving products at display.<\/p>\n\n\t\t<style type=\"text\/css\">\n\t\t\t#gallery-1 {\n\t\t\t\tmargin: auto;\n\t\t\t}\n\t\t\t#gallery-1 .gallery-item {\n\t\t\t\tfloat: left;\n\t\t\t\tmargin-top: 10px;\n\t\t\t\ttext-align: center;\n\t\t\t\twidth: 33%;\n\t\t\t}\n\t\t\t#gallery-1 img {\n\t\t\t\tborder: 2px solid #cfcfcf;\n\t\t\t}\n\t\t\t#gallery-1 .gallery-caption {\n\t\t\t\tmargin-left: 0;\n\t\t\t}\n\t\t\t\/* see gallery_shortcode() in wp-includes\/media.php *\/\n\t\t<\/style>\n\t\t<div id='gallery-1' class='gallery galleryid-3035 gallery-columns-3 gallery-size-thumbnail'><dl class='gallery-item'>\n\t\t\t<dt class='gallery-icon landscape'>\n\t\t\t\t<a data-title=\"\" href='https:\/\/www.fruitgarden.fi\/en\/demonstrations\/food-market-promotions\/attachment\/olympus-digital-camera-3\/'><img loading=\"lazy\" decoding=\"async\" width=\"350\" height=\"262\" src=\"https:\/\/www.fruitgarden.fi\/lataukset\/PA062433-350x262.jpg\" class=\"attachment-thumbnail size-thumbnail\" alt=\"\" \/><\/a>\n\t\t\t<\/dt><\/dl><dl class='gallery-item'>\n\t\t\t<dt class='gallery-icon portrait'>\n\t\t\t\t<a data-title=\"\" href='https:\/\/www.fruitgarden.fi\/en\/demonstrations\/attachment\/20190112_125545_hdr-2\/'><img loading=\"lazy\" decoding=\"async\" width=\"350\" height=\"262\" src=\"https:\/\/www.fruitgarden.fi\/lataukset\/20190112_125545_HDR-e1558617085434-350x262.jpg\" class=\"attachment-thumbnail size-thumbnail\" alt=\"\" \/><\/a>\n\t\t\t<\/dt><\/dl><dl class='gallery-item'>\n\t\t\t<dt class='gallery-icon landscape'>\n\t\t\t\t<a data-title=\"Sy\u00f6t\u00e4v\u00e4n hyvi\u00e4 kaiverrettuja hedelmi\u00e4 luonnon antimien kera.\" href='https:\/\/www.fruitgarden.fi\/en\/img_20190510_093538_359-3\/'><img loading=\"lazy\" decoding=\"async\" width=\"350\" height=\"262\" src=\"https:\/\/www.fruitgarden.fi\/lataukset\/IMG_20190510_093538_359-350x262.jpg\" class=\"attachment-thumbnail size-thumbnail\" alt=\"\" aria-describedby=\"gallery-1-2824\" \/><\/a>\n\t\t\t<\/dt>\n\t\t\t\t<dd class='wp-caption-text gallery-caption' id='gallery-1-2824'>\n\t\t\t\tSy\u00f6t\u00e4v\u00e4n hyvi\u00e4 kaiverrettuja hedelmi\u00e4 luonnon antimien kera.\n\t\t\t\t<\/dd><\/dl><br style=\"clear: both\" \/><dl class='gallery-item'>\n\t\t\t<dt class='gallery-icon landscape'>\n\t\t\t\t<a data-title=\"Sy\u00f6t\u00e4v\u00e4 kaiverrettu meloni hedelmien kera. \" href='https:\/\/www.fruitgarden.fi\/en\/demonstrations\/food-market-promotions\/attachment\/p6145849-2\/'><img loading=\"lazy\" decoding=\"async\" width=\"350\" height=\"262\" src=\"https:\/\/www.fruitgarden.fi\/lataukset\/P6145849-350x262.jpg\" class=\"attachment-thumbnail size-thumbnail\" alt=\"\" aria-describedby=\"gallery-1-2730\" \/><\/a>\n\t\t\t<\/dt>\n\t\t\t\t<dd class='wp-caption-text gallery-caption' id='gallery-1-2730'>\n\t\t\t\tSy\u00f6t\u00e4v\u00e4 kaiverrettu meloni hedelmien kera. \n\t\t\t\t<\/dd><\/dl><dl class='gallery-item'>\n\t\t\t<dt class='gallery-icon portrait'>\n\t\t\t\t<a data-title=\"Sy\u00f6t\u00e4vi\u00e4 kaiverrettuja meloneja ja omenia kukkien kera. \" href='https:\/\/www.fruitgarden.fi\/en\/20190212_125050-2\/'><img loading=\"lazy\" decoding=\"async\" width=\"350\" height=\"262\" src=\"https:\/\/www.fruitgarden.fi\/lataukset\/20190212_125050-350x262.jpg\" class=\"attachment-thumbnail size-thumbnail\" alt=\"\" aria-describedby=\"gallery-1-2834\" \/><\/a>\n\t\t\t<\/dt>\n\t\t\t\t<dd class='wp-caption-text gallery-caption' id='gallery-1-2834'>\n\t\t\t\tSy\u00f6t\u00e4vi\u00e4 kaiverrettuja meloneja ja omenia kukkien kera. \n\t\t\t\t<\/dd><\/dl><dl class='gallery-item'>\n\t\t\t<dt class='gallery-icon landscape'>\n\t\t\t\t<a data-title=\"Sy\u00f6t\u00e4vi\u00e4 kaiverrettuja vihanneksia. \" href='https:\/\/www.fruitgarden.fi\/en\/img_20181117_233330_821-2\/'><img loading=\"lazy\" decoding=\"async\" width=\"350\" height=\"262\" src=\"https:\/\/www.fruitgarden.fi\/lataukset\/IMG_20181117_233330_821-350x262.jpg\" class=\"attachment-thumbnail size-thumbnail\" alt=\"\" aria-describedby=\"gallery-1-2827\" \/><\/a>\n\t\t\t<\/dt>\n\t\t\t\t<dd class='wp-caption-text gallery-caption' id='gallery-1-2827'>\n\t\t\t\tSy\u00f6t\u00e4vi\u00e4 kaiverrettuja vihanneksia. \n\t\t\t\t<\/dd><\/dl><br style=\"clear: both\" \/>\n\t\t<\/div>\n\n","protected":false},"excerpt":{"rendered":"<p>Fruit Garden offers its services also for shops and markets. Food markets that have large high-quality vegetable and fruit selections can order from Fruit Garden a carving demonstration in their premises. Such a demonstration may last for a few hours. Occasional shoppers may then stop for a while and be amazed how varied forms common [&hellip;]<\/p>\n","protected":false},"author":12,"featured_media":2736,"parent":2975,"menu_order":11,"comment_status":"closed","ping_status":"closed","template":"","meta":{"_acf_changed":false,"footnotes":""},"class_list":["post-3035","page","type-page","status-publish","has-post-thumbnail","hentry","post-preview"],"acf":[],"yoast_head":"<!-- This site is optimized with the Yoast SEO plugin v26.4 - https:\/\/yoast.com\/wordpress\/plugins\/seo\/ -->\n<title>Food Market Promotions - Fruit Garden<\/title>\n<meta name=\"robots\" content=\"noindex, follow\" \/>\n<meta property=\"og:locale\" content=\"en_US\" \/>\n<meta property=\"og:type\" content=\"article\" \/>\n<meta property=\"og:title\" content=\"Food Market Promotions - Fruit Garden\" \/>\n<meta property=\"og:description\" content=\"Fruit Garden offers its services also for shops and markets. Food markets that have large high-quality vegetable and fruit selections can order from Fruit Garden a carving demonstration in their premises. Such a demonstration may last for a few hours. Occasional shoppers may then stop for a while and be amazed how varied forms common [&hellip;]\" \/>\n<meta property=\"og:url\" content=\"https:\/\/www.fruitgarden.fi\/en\/demonstrations\/food-market-promotions\/\" \/>\n<meta property=\"og:site_name\" content=\"Fruit Garden\" \/>\n<meta property=\"article:publisher\" content=\"https:\/\/www.facebook.com\/nitti.carving\/\" \/>\n<meta property=\"article:modified_time\" content=\"2023-05-16T07:55:38+00:00\" \/>\n<meta property=\"og:image\" content=\"https:\/\/www.fruitgarden.fi\/lataukset\/PA062433.jpg\" \/>\n\t<meta property=\"og:image:width\" content=\"1063\" \/>\n\t<meta property=\"og:image:height\" content=\"898\" \/>\n\t<meta property=\"og:image:type\" content=\"image\/jpeg\" \/>\n<script type=\"application\/ld+json\" class=\"yoast-schema-graph\">{\"@context\":\"https:\/\/schema.org\",\"@graph\":[{\"@type\":\"WebPage\",\"@id\":\"https:\/\/www.fruitgarden.fi\/en\/demonstrations\/food-market-promotions\/\",\"url\":\"https:\/\/www.fruitgarden.fi\/en\/demonstrations\/food-market-promotions\/\",\"name\":\"Food Market Promotions - Fruit Garden\",\"isPartOf\":{\"@id\":\"https:\/\/www.fruitgarden.fi\/en\/#website\"},\"primaryImageOfPage\":{\"@id\":\"https:\/\/www.fruitgarden.fi\/en\/demonstrations\/food-market-promotions\/#primaryimage\"},\"image\":{\"@id\":\"https:\/\/www.fruitgarden.fi\/en\/demonstrations\/food-market-promotions\/#primaryimage\"},\"thumbnailUrl\":\"https:\/\/www.fruitgarden.fi\/lataukset\/PA062433.jpg\",\"datePublished\":\"2018-05-03T08:48:04+00:00\",\"dateModified\":\"2023-05-16T07:55:38+00:00\",\"breadcrumb\":{\"@id\":\"https:\/\/www.fruitgarden.fi\/en\/demonstrations\/food-market-promotions\/#breadcrumb\"},\"inLanguage\":\"en-US\",\"potentialAction\":[{\"@type\":\"ReadAction\",\"target\":[\"https:\/\/www.fruitgarden.fi\/en\/demonstrations\/food-market-promotions\/\"]}]},{\"@type\":\"ImageObject\",\"inLanguage\":\"en-US\",\"@id\":\"https:\/\/www.fruitgarden.fi\/en\/demonstrations\/food-market-promotions\/#primaryimage\",\"url\":\"https:\/\/www.fruitgarden.fi\/lataukset\/PA062433.jpg\",\"contentUrl\":\"https:\/\/www.fruitgarden.fi\/lataukset\/PA062433.jpg\",\"width\":1063,\"height\":898},{\"@type\":\"BreadcrumbList\",\"@id\":\"https:\/\/www.fruitgarden.fi\/en\/demonstrations\/food-market-promotions\/#breadcrumb\",\"itemListElement\":[{\"@type\":\"ListItem\",\"position\":1,\"name\":\"Etusivu\",\"item\":\"https:\/\/www.fruitgarden.fi\/en\/\"},{\"@type\":\"ListItem\",\"position\":2,\"name\":\"Demonstrations\",\"item\":\"https:\/\/www.fruitgarden.fi\/en\/demonstrations\/\"},{\"@type\":\"ListItem\",\"position\":3,\"name\":\"Food Market Promotions\"}]},{\"@type\":\"WebSite\",\"@id\":\"https:\/\/www.fruitgarden.fi\/en\/#website\",\"url\":\"https:\/\/www.fruitgarden.fi\/en\/\",\"name\":\"Fruit Garden\",\"description\":\"Fruit Garden tarjoaa aasialaiseen perinteeseen nojaavia kaiverruksia yritystapahtumiin, asiakastilaisuuksiin, juhliin tai yksityishenkiliden merkkitapahtumiin.\",\"potentialAction\":[{\"@type\":\"SearchAction\",\"target\":{\"@type\":\"EntryPoint\",\"urlTemplate\":\"https:\/\/www.fruitgarden.fi\/en\/?s={search_term_string}\"},\"query-input\":{\"@type\":\"PropertyValueSpecification\",\"valueRequired\":true,\"valueName\":\"search_term_string\"}}],\"inLanguage\":\"en-US\"}]}<\/script>\n<!-- \/ Yoast SEO plugin. -->","yoast_head_json":{"title":"Food Market Promotions - Fruit Garden","robots":{"index":"noindex","follow":"follow"},"og_locale":"en_US","og_type":"article","og_title":"Food Market Promotions - Fruit Garden","og_description":"Fruit Garden offers its services also for shops and markets. Food markets that have large high-quality vegetable and fruit selections can order from Fruit Garden a carving demonstration in their premises. Such a demonstration may last for a few hours. Occasional shoppers may then stop for a while and be amazed how varied forms common [&hellip;]","og_url":"https:\/\/www.fruitgarden.fi\/en\/demonstrations\/food-market-promotions\/","og_site_name":"Fruit Garden","article_publisher":"https:\/\/www.facebook.com\/nitti.carving\/","article_modified_time":"2023-05-16T07:55:38+00:00","og_image":[{"width":1063,"height":898,"url":"https:\/\/www.fruitgarden.fi\/lataukset\/PA062433.jpg","type":"image\/jpeg"}],"schema":{"@context":"https:\/\/schema.org","@graph":[{"@type":"WebPage","@id":"https:\/\/www.fruitgarden.fi\/en\/demonstrations\/food-market-promotions\/","url":"https:\/\/www.fruitgarden.fi\/en\/demonstrations\/food-market-promotions\/","name":"Food Market Promotions - Fruit Garden","isPartOf":{"@id":"https:\/\/www.fruitgarden.fi\/en\/#website"},"primaryImageOfPage":{"@id":"https:\/\/www.fruitgarden.fi\/en\/demonstrations\/food-market-promotions\/#primaryimage"},"image":{"@id":"https:\/\/www.fruitgarden.fi\/en\/demonstrations\/food-market-promotions\/#primaryimage"},"thumbnailUrl":"https:\/\/www.fruitgarden.fi\/lataukset\/PA062433.jpg","datePublished":"2018-05-03T08:48:04+00:00","dateModified":"2023-05-16T07:55:38+00:00","breadcrumb":{"@id":"https:\/\/www.fruitgarden.fi\/en\/demonstrations\/food-market-promotions\/#breadcrumb"},"inLanguage":"en-US","potentialAction":[{"@type":"ReadAction","target":["https:\/\/www.fruitgarden.fi\/en\/demonstrations\/food-market-promotions\/"]}]},{"@type":"ImageObject","inLanguage":"en-US","@id":"https:\/\/www.fruitgarden.fi\/en\/demonstrations\/food-market-promotions\/#primaryimage","url":"https:\/\/www.fruitgarden.fi\/lataukset\/PA062433.jpg","contentUrl":"https:\/\/www.fruitgarden.fi\/lataukset\/PA062433.jpg","width":1063,"height":898},{"@type":"BreadcrumbList","@id":"https:\/\/www.fruitgarden.fi\/en\/demonstrations\/food-market-promotions\/#breadcrumb","itemListElement":[{"@type":"ListItem","position":1,"name":"Etusivu","item":"https:\/\/www.fruitgarden.fi\/en\/"},{"@type":"ListItem","position":2,"name":"Demonstrations","item":"https:\/\/www.fruitgarden.fi\/en\/demonstrations\/"},{"@type":"ListItem","position":3,"name":"Food Market Promotions"}]},{"@type":"WebSite","@id":"https:\/\/www.fruitgarden.fi\/en\/#website","url":"https:\/\/www.fruitgarden.fi\/en\/","name":"Fruit Garden","description":"Fruit Garden tarjoaa aasialaiseen perinteeseen nojaavia kaiverruksia yritystapahtumiin, asiakastilaisuuksiin, juhliin tai yksityishenkiliden merkkitapahtumiin.","potentialAction":[{"@type":"SearchAction","target":{"@type":"EntryPoint","urlTemplate":"https:\/\/www.fruitgarden.fi\/en\/?s={search_term_string}"},"query-input":{"@type":"PropertyValueSpecification","valueRequired":true,"valueName":"search_term_string"}}],"inLanguage":"en-US"}]}},"_links":{"self":[{"href":"https:\/\/www.fruitgarden.fi\/en\/wp-json\/wp\/v2\/pages\/3035","targetHints":{"allow":["GET"]}}],"collection":[{"href":"https:\/\/www.fruitgarden.fi\/en\/wp-json\/wp\/v2\/pages"}],"about":[{"href":"https:\/\/www.fruitgarden.fi\/en\/wp-json\/wp\/v2\/types\/page"}],"author":[{"embeddable":true,"href":"https:\/\/www.fruitgarden.fi\/en\/wp-json\/wp\/v2\/users\/12"}],"replies":[{"embeddable":true,"href":"https:\/\/www.fruitgarden.fi\/en\/wp-json\/wp\/v2\/comments?post=3035"}],"version-history":[{"count":0,"href":"https:\/\/www.fruitgarden.fi\/en\/wp-json\/wp\/v2\/pages\/3035\/revisions"}],"up":[{"embeddable":true,"href":"https:\/\/www.fruitgarden.fi\/en\/wp-json\/wp\/v2\/pages\/2975"}],"wp:featuredmedia":[{"embeddable":true,"href":"https:\/\/www.fruitgarden.fi\/en\/wp-json\/wp\/v2\/media\/2736"}],"wp:attachment":[{"href":"https:\/\/www.fruitgarden.fi\/en\/wp-json\/wp\/v2\/media?parent=3035"}],"curies":[{"name":"wp","href":"https:\/\/api.w.org\/{rel}","templated":true}]}}